{"id":804,"date":"2017-07-27T15:32:31","date_gmt":"2017-07-27T13:32:31","guid":{"rendered":"https:\/\/www.hotellacappuccina.com\/family-hotel-riccione\/"},"modified":"2017-08-21T11:24:57","modified_gmt":"2017-08-21T09:24:57","slug":"hotel-familial-riccione","status":"publish","type":"page","link":"https:\/\/www.hotellacappuccina.com\/fr\/hotel-familial-riccione\/","title":{"rendered":"H\u00f4tel familial \u00e0 Riccione"},"content":{"rendered":"<h2>Les enfants nous vous attendons!<\/h2>\n<p>Avec votre famille, qu&rsquo;il s&rsquo;agisse de deux personnes ou plus, notre h\u00f4tel <strong>trois \u00e9toiles \u00e0 Riccione<\/strong>, <strong>au centre et avec piscine<\/strong>, pourrait \u00eatre l&rsquo;endroit id\u00e9al pour vos vacances. Souvent, nos r\u00e9gimes tarifaires pr\u00e9voient des pourboires pour les enfants et<strong> les enfants de moins de trois ans sont toujours gratuits<\/strong>; dans les chambres doubles avec deux lits suppl\u00e9mentaires, le<strong> plan familial est toujours valable: 2 + 2 = 3<\/strong>, avec une r\u00e9duction de 50% sur chaque enfant.<\/p>\n<p>Les enfants sont toujours les bienvenus&#8230;en fait, nous aurons <strong>un rendez-vous sp\u00e9cial avec eux<\/strong>: <strong>un coin pour rester en compagnie<\/strong>, avec des <strong>jeux<\/strong> et du <strong>divertissement<\/strong>, tous pour eux et tous les jours, de 18h00 \u00e0 21h30.<br \/>\nTous les clients ont une entr\u00e9e gratuite et illimit\u00e9e au parc thermal de <strong>Perle d&rsquo;Acqua<\/strong>. <span class=\"\">Les chambres, toutes confortables et avec salle de bains, ont une largeur diff\u00e9rente de la <strong>chambre ULISSE<\/strong>, compos\u00e9e de <strong>deux chambres communicantes<\/strong> avec vue mer, \u00e9tudi\u00e9es en collaboration avec Oltremare: \u00e9motions et \u00e9motions pour ceux qui y s\u00e9journent.<\/span><\/p>\n","protected":false},"excerpt":{"rendered":"<p>Les enfants nous vous attendons! Avec votre famille, qu&rsquo;il s&rsquo;agisse de deux personnes ou plus, notre h\u00f4tel trois \u00e9toiles \u00e0 Riccione, au centre et avec piscine, pourrait \u00eatre l&rsquo;endroit id\u00e9al pour vos vacances. Souvent, nos r\u00e9gimes tarifaires pr\u00e9voient des pourboires pour les enfants et les enfants de moins de trois ans sont toujours gratuits; dans les chambres doubles avec deux lits suppl\u00e9mentaires, le plan familial est toujours valable: 2 + &#8230;<\/p>\n","protected":false},"author":1,"featured_media":0,"parent":0,"menu_order":0,"comment_status":"closed","ping_status":"closed","template":"template\/template.fullwidth.php","meta":{"_acf_changed":false},"class_list":["post-804","page","type-page","status-publish","hentry"],"acf":[],"_links":{"self":[{"href":"https:\/\/www.hotellacappuccina.com\/fr\/wp-json\/wp\/v2\/pages\/804","targetHints":{"allow":["GET"]}}],"collection":[{"href":"https:\/\/www.hotellacappuccina.com\/fr\/wp-json\/wp\/v2\/pages"}],"about":[{"href":"https:\/\/www.hotellacappuccina.com\/fr\/wp-json\/wp\/v2\/types\/page"}],"author":[{"embeddable":true,"href":"https:\/\/www.hotellacappuccina.com\/fr\/wp-json\/wp\/v2\/users\/1"}],"replies":[{"embeddable":true,"href":"https:\/\/www.hotellacappuccina.com\/fr\/wp-json\/wp\/v2\/comments?post=804"}],"version-history":[{"count":0,"href":"https:\/\/www.hotellacappuccina.com\/fr\/wp-json\/wp\/v2\/pages\/804\/revisions"}],"wp:attachment":[{"href":"https:\/\/www.hotellacappuccina.com\/fr\/wp-json\/wp\/v2\/media?parent=804"}],"curies":[{"name":"wp","href":"https:\/\/api.w.org\/{rel}","templated":true}]}}