{"id":781,"date":"2016-07-29T12:11:55","date_gmt":"2016-07-29T10:11:55","guid":{"rendered":"https:\/\/www.hotellacappuccina.com\/pagina-di-esempio\/"},"modified":"2024-01-19T17:02:40","modified_gmt":"2024-01-19T16:02:40","slug":"pagina-di-esempio","status":"publish","type":"page","link":"https:\/\/www.hotellacappuccina.com\/fr\/","title":{"rendered":"Vos vacances \u00e0 Riccione dans un h\u00f4tel 3 \u00e9toiles&#8230;"},"content":{"rendered":"<p><span id=\"result_box\" class=\"\" lang=\"fr\"><span class=\"\">La Cappuccina est un h\u00f4tel 3 \u00e9toiles \u00e0 Riccione <strong>avec piscine<\/strong> et <strong>ouverture annuelle<\/strong>, situ\u00e9 en position centrale et tranquille, proche de la mer et \u00e0 quelques pas de Viale Ceccarini.<\/span> <span class=\"\">Id\u00e9al pour du shopping et pour vos promenades.<\/span><\/span><\/p>\n<p><span id=\"result_box\" class=\"\" lang=\"fr\"><span class=\"\">L&rsquo;h\u00f4tel, \u00e0 gestion familiale, est l&rsquo;un des rares \u00e0 avoir la <strong>chambre ULISSE<\/strong> et la <strong>chambre SHARKY<\/strong>, il est enti\u00e8rement climatis\u00e9 et dispose d&rsquo;une <strong>piscine ext\u00e9rieure rechauff\u00e9e<\/strong>,<strong> grand solarium<\/strong> et<strong> aire de jeux<\/strong> pour enfants, bar, salon avec TV<\/span><span class=\"\">, ascenseur, <strong>parking ext\u00e9rieur<\/strong> ou <strong>garage sous le plancher<\/strong> sur demande et r\u00e9servation;<\/span> <span class=\"\">les chambres disposent d&rsquo;installations priv\u00e9es, de t\u00e9l\u00e9vision, de t\u00e9l\u00e9phone, de balcon, de climatisation et de coffre-fort.<\/span><\/span><\/p>\n<p><span id=\"result_box\" class=\"\" lang=\"fr\"><span class=\"\"><strong>Services gratuits<\/strong>: utilisation de v\u00e9los (\u00e9galement avec si\u00e8ge enfant) jusqu&rsquo;au \u00e9puisement, wifi,<\/span> Point Internet, acc\u00e8s au r\u00e9seau dans le hall.<\/span><\/p>\n<p>Au <span id=\"result_box\" class=\"\" lang=\"fr\"><span class=\"\">restaurant vous attend un d\u00e9licieux buffet de l\u00e9gumes et de hors-d&rsquo;\u0153uvre et de choix entre les deux plats premiers et seconds, avec un menu de viande et de poisson tous les jours, selon les sp\u00e9cialit\u00e9s traditionnelles de la Romagne alternant avec la cuisine italienne et internationale.<\/span><br \/>\n<\/span><\/p>\n<p><span id=\"result_box\" class=\"\" lang=\"fr\">Nous vous attendons \u00e0 Riccione!<\/span><\/p>\n","protected":false},"excerpt":{"rendered":"<p>La Cappuccina est un h\u00f4tel 3 \u00e9toiles \u00e0 Riccione avec piscine et ouverture annuelle, situ\u00e9 en position centrale et tranquille, proche de la mer et \u00e0 quelques pas de Viale Ceccarini. Id\u00e9al pour du shopping et pour vos promenades. L&rsquo;h\u00f4tel, \u00e0 gestion familiale, est l&rsquo;un des rares \u00e0 avoir la chambre ULISSE et la chambre SHARKY, il est enti\u00e8rement climatis\u00e9 et dispose d&rsquo;une piscine ext\u00e9rieure rechauff\u00e9e, grand solarium et aire &#8230;<\/p>\n","protected":false},"author":1,"featured_media":6943,"parent":0,"menu_order":0,"comment_status":"closed","ping_status":"open","template":"","meta":{"_acf_changed":false},"class_list":["post-781","page","type-page","status-publish","has-post-thumbnail","hentry"],"acf":[],"_links":{"self":[{"href":"https:\/\/www.hotellacappuccina.com\/fr\/wp-json\/wp\/v2\/pages\/781","targetHints":{"allow":["GET"]}}],"collection":[{"href":"https:\/\/www.hotellacappuccina.com\/fr\/wp-json\/wp\/v2\/pages"}],"about":[{"href":"https:\/\/www.hotellacappuccina.com\/fr\/wp-json\/wp\/v2\/types\/page"}],"author":[{"embeddable":true,"href":"https:\/\/www.hotellacappuccina.com\/fr\/wp-json\/wp\/v2\/users\/1"}],"replies":[{"embeddable":true,"href":"https:\/\/www.hotellacappuccina.com\/fr\/wp-json\/wp\/v2\/comments?post=781"}],"version-history":[{"count":0,"href":"https:\/\/www.hotellacappuccina.com\/fr\/wp-json\/wp\/v2\/pages\/781\/revisions"}],"wp:featuredmedia":[{"embeddable":true,"href":"https:\/\/www.hotellacappuccina.com\/fr\/wp-json\/wp\/v2\/media\/6943"}],"wp:attachment":[{"href":"https:\/\/www.hotellacappuccina.com\/fr\/wp-json\/wp\/v2\/media?parent=781"}],"curies":[{"name":"wp","href":"https:\/\/api.w.org\/{rel}","templated":true}]}}