{"id":842,"date":"2017-07-27T15:32:31","date_gmt":"2017-07-27T13:32:31","guid":{"rendered":"https:\/\/www.hotellacappuccina.com\/family-hotel-riccione\/"},"modified":"2017-08-21T14:56:29","modified_gmt":"2017-08-21T12:56:29","slug":"familienhotel-riccione","status":"publish","type":"page","link":"https:\/\/www.hotellacappuccina.com\/de\/familienhotel-riccione\/","title":{"rendered":"Familienhotel in Riccione"},"content":{"rendered":"<h2>Kinder warten auf dich!<\/h2>\n<p>Mit Ihrer Familie, ob es sich um zwei oder mehr Personen handelt, unser 3-Sterne-Hotel in Riccione, im Zentrum und mit Schwimmbad, k\u00f6nnte der perfekte Ort f\u00fcr Ihren Urlaub sein. Oft haben unsere Tarifpl\u00e4ne Trinkgelder f\u00fcr Kinder und Kinder unter drei Jahren sind immer frei; In den Doppelzimmern mit zwei Zustellbetten ist der Familienplan immer g\u00fcltig: 2 + 2 = 3, mit 50% Erm\u00e4\u00dfigung auf jedes Kind.<\/p>\n<p>Kinder sind immer willkommen &#8230; in der Tat haben wir einen besonderen Termin mit ihnen: eine Ecke, um in der Firma zu bleiben, mit Spielen und Unterhaltung, alles f\u00fcr sie und jeden Tag von 18:00 bis 21:30 Uhr.<br \/>\nAlle G\u00e4ste haben unbegrenzten freien Eintritt in den Kurort Perle d&#8217;Acqua. Die Zimmer, alle komfortabel und mit Bad, haben eine unterschiedliche Breite zum ULISSE-Raum, bestehend aus zwei angrenzenden Zimmern mit Meeresspiegel, die in Zusammenarbeit mit Oltremare studiert wurden: Erstaunen und Emotionen f\u00fcr diejenigen, die dort wohnen.<\/p>\n","protected":false},"excerpt":{"rendered":"<p>Kinder warten auf dich! Mit Ihrer Familie, ob es sich um zwei oder mehr Personen handelt, unser 3-Sterne-Hotel in Riccione, im Zentrum und mit Schwimmbad, k\u00f6nnte der perfekte Ort f\u00fcr Ihren Urlaub sein. Oft haben unsere Tarifpl\u00e4ne Trinkgelder f\u00fcr Kinder und Kinder unter drei Jahren sind immer frei; In den Doppelzimmern mit zwei Zustellbetten ist der Familienplan immer g\u00fcltig: 2 + 2 = 3, mit 50% Erm\u00e4\u00dfigung auf jedes Kind. &#8230;<\/p>\n","protected":false},"author":1,"featured_media":0,"parent":0,"menu_order":0,"comment_status":"closed","ping_status":"closed","template":"template\/template.fullwidth.php","meta":{"_acf_changed":false},"class_list":["post-842","page","type-page","status-publish","hentry"],"acf":[],"_links":{"self":[{"href":"https:\/\/www.hotellacappuccina.com\/de\/wp-json\/wp\/v2\/pages\/842","targetHints":{"allow":["GET"]}}],"collection":[{"href":"https:\/\/www.hotellacappuccina.com\/de\/wp-json\/wp\/v2\/pages"}],"about":[{"href":"https:\/\/www.hotellacappuccina.com\/de\/wp-json\/wp\/v2\/types\/page"}],"author":[{"embeddable":true,"href":"https:\/\/www.hotellacappuccina.com\/de\/wp-json\/wp\/v2\/users\/1"}],"replies":[{"embeddable":true,"href":"https:\/\/www.hotellacappuccina.com\/de\/wp-json\/wp\/v2\/comments?post=842"}],"version-history":[{"count":0,"href":"https:\/\/www.hotellacappuccina.com\/de\/wp-json\/wp\/v2\/pages\/842\/revisions"}],"wp:attachment":[{"href":"https:\/\/www.hotellacappuccina.com\/de\/wp-json\/wp\/v2\/media?parent=842"}],"curies":[{"name":"wp","href":"https:\/\/api.w.org\/{rel}","templated":true}]}}