{"id":831,"date":"2016-07-29T12:11:55","date_gmt":"2016-07-29T10:11:55","guid":{"rendered":"https:\/\/www.hotellacappuccina.com\/pagina-di-esempio\/"},"modified":"2022-10-17T12:24:24","modified_gmt":"2022-10-17T10:24:24","slug":"pagina-di-esempio","status":"publish","type":"page","link":"https:\/\/www.hotellacappuccina.com\/de\/","title":{"rendered":"Ihr Urlaub in Riccione in einem 3-Sterne-Hotel&#8230;"},"content":{"rendered":"<p>La Cappuccina ist ein 3-Sterne-Hotel in Riccione mit Schwimmbad und mit j\u00e4hrlicher Er\u00f6ffnung, in einer zentralen und ruhigen Lage, in der N\u00e4he des Meeres und nur wenige Schritte von der Viale Ceccarini entfernt. Ideal zum Einkaufen und f\u00fcr Ihre Wanderungen.<\/p>\n<p>Das familiengef\u00fchrte Hotel ist eines der wenigen, das das ULISSE Zimmer und das SHARKY Zimmer hat, es ist voll klimatisiert und verf\u00fcgt \u00fcber einen beheizten Au\u00dfenpool mit Gegenstromschwimmbad, gro\u00dfes Solarium und Spielplatz f\u00fcr Kinder, Bar, Wohnzimmer mit TV -SAT, Lift, \u00fcberdachter \u00fcberdachter Parkplatz oder Unterflur Garage Parkplatz auf Anfrage und Buchung; Die Zimmer sind alle mit eigenem Bad, Fernseher, Telefon, Balkon, Klimaanlage und Safe ausgestattet.<\/p>\n<p>Freie Dienstleistungen: Benutzung von Fahrr\u00e4dern (auch mit Kindersitz) bis zur Ersch\u00f6pfung, \u00f6kologischer Shuttle (vorbehaltlich der Reservierung) in den Monaten Juni-Juli-August und bis Mitte September mit Stunden 8.30 &#8211; 12.30 und 16.00 &#8211; 20.00 Uhr, Wi-Fi-Bereich, Internet Point, Netzwerkzugang in der Lobby.<\/p>\n<p>Das Restaurant erwartet Sie mit einem k\u00f6stlichen Buffet mit Gem\u00fcse und Hors d&#8217;oeuvres und Auswahl zwischen den ersten drei und zwei Sekunden, mit Fleisch und Fisch Men\u00fc jeden Tag, nach traditionellen Romagna Spezialit\u00e4ten abwechselnd mit italienischen und internationalen K\u00fcche.<br \/>\nWir warten auf Sie in Riccione!<\/p>\n","protected":false},"excerpt":{"rendered":"<p>La Cappuccina ist ein 3-Sterne-Hotel in Riccione mit Schwimmbad und mit j\u00e4hrlicher Er\u00f6ffnung, in einer zentralen und ruhigen Lage, in der N\u00e4he des Meeres und nur wenige Schritte von der Viale Ceccarini entfernt. Ideal zum Einkaufen und f\u00fcr Ihre Wanderungen. Das familiengef\u00fchrte Hotel ist eines der wenigen, das das ULISSE Zimmer und das SHARKY Zimmer hat, es ist voll klimatisiert und verf\u00fcgt \u00fcber einen beheizten Au\u00dfenpool mit Gegenstromschwimmbad, gro\u00dfes Solarium &#8230;<\/p>\n","protected":false},"author":1,"featured_media":6944,"parent":0,"menu_order":0,"comment_status":"closed","ping_status":"open","template":"","meta":{"_acf_changed":false},"class_list":["post-831","page","type-page","status-publish","has-post-thumbnail","hentry"],"acf":[],"_links":{"self":[{"href":"https:\/\/www.hotellacappuccina.com\/de\/wp-json\/wp\/v2\/pages\/831","targetHints":{"allow":["GET"]}}],"collection":[{"href":"https:\/\/www.hotellacappuccina.com\/de\/wp-json\/wp\/v2\/pages"}],"about":[{"href":"https:\/\/www.hotellacappuccina.com\/de\/wp-json\/wp\/v2\/types\/page"}],"author":[{"embeddable":true,"href":"https:\/\/www.hotellacappuccina.com\/de\/wp-json\/wp\/v2\/users\/1"}],"replies":[{"embeddable":true,"href":"https:\/\/www.hotellacappuccina.com\/de\/wp-json\/wp\/v2\/comments?post=831"}],"version-history":[{"count":0,"href":"https:\/\/www.hotellacappuccina.com\/de\/wp-json\/wp\/v2\/pages\/831\/revisions"}],"wp:featuredmedia":[{"embeddable":true,"href":"https:\/\/www.hotellacappuccina.com\/de\/wp-json\/wp\/v2\/media\/6944"}],"wp:attachment":[{"href":"https:\/\/www.hotellacappuccina.com\/de\/wp-json\/wp\/v2\/media?parent=831"}],"curies":[{"name":"wp","href":"https:\/\/api.w.org\/{rel}","templated":true}]}}